{"id":144,"date":"2023-09-20T17:24:58","date_gmt":"2023-09-20T15:24:58","guid":{"rendered":"https:\/\/expatworlds.hu\/home\/"},"modified":"2025-06-19T11:00:19","modified_gmt":"2025-06-19T09:00:19","slug":"home","status":"publish","type":"page","link":"https:\/\/expatworld.hu\/hu\/","title":{"rendered":"Nyit\u00f3lap"},"content":{"rendered":"<div id=\"pl-144\"  class=\"panel-layout\" ><div id=\"pg-144-0\"  class=\"panel-grid panel-has-style\" ><div class=\"panel-row-style panel-row-style-for-144-0\" ><div id=\"pgc-144-0-0\"  class=\"panel-grid-cell\" ><div id=\"panel-144-0-0-0\" class=\"so-panel widget widget_ndm-overlap panel-first-child panel-last-child\" data-index=\"0\" ><div\n\t\t\t\n\t\t\tclass=\"so-widget-ndm-overlap so-widget-ndm-overlap-default-d75171398898-144\"\n\t\t\t\n\t\t>\t\t\t<div class=\"ndm-overlap row flex-column-reverse\">\r\n\t\t\t\t<div class=\"col-xl-8 offset-xl-4\">\r\n\t\t\t\t\t<div class=\"ndm-overlap__img\">\r\n\t\t\t\t\t\t<img decoding=\"async\" src=\"https:\/\/expatworld.hu\/wp-content\/uploads\/2023\/09\/moving.jpg\">\t\t\t\t\t<\/div>\r\n\t\t\t\t<\/div>\r\n\t\t\t\t<div class=\"col-xl-6 ndm-overlap__absolute\">\r\n\t\t\t\t\t<div class=\"ndm-overlap__content d-flex flex-column justify-content-between\">\r\n\t\t\t\t\t\t<div class=\"ndm-dot--small\"><\/div>\r\n\t\t\t\t\t\t<p>Minden tev\u00e9kenys\u00e9g\u00fcnk mozgat\u00f3rug\u00f3ja az \u00fcgyfelek ismerete: az immigr\u00e1ci\u00f3s szolg\u00e1ltat\u00e1si paletta teljes spektrum\u00e1n seg\u00edt\u00fcnk megtal\u00e1lni a lehet\u0151 legjobb megold\u00e1st. Komplex \u00e9s rohan\u00f3 vil\u00e1gunkban egyszer\u0171 utat k\u00edn\u00e1lunk megb\u00edzhat\u00f3, nemzetk\u00f6zi szolg\u00e1ltat\u00e1sokkal \u00e9s integr\u00e1lt megold\u00e1sokkal.<\/p>\n\t\t\t\t\t<\/div>\r\n\t\t\t\t<\/div>\r\n\t\t\t<\/div>\r\n\t\t<\/div><\/div><\/div><\/div><\/div><div id=\"pg-144-1\"  class=\"panel-grid panel-has-style\" ><div class=\"panel-row-style panel-row-style-for-144-1\" ><div id=\"pgc-144-1-0\"  class=\"panel-grid-cell\" ><div id=\"panel-144-1-0-0\" class=\"so-panel widget widget_siteorigin-panels-builder panel-first-child panel-last-child\" data-index=\"1\" ><div id=\"pl-w65d352a1ced19\"  class=\"panel-layout\" ><div id=\"pg-w65d352a1ced19-0\"  class=\"panel-grid panel-no-style\" ><div id=\"pgc-w65d352a1ced19-0-0\"  class=\"panel-grid-cell\" ><div id=\"panel-w65d352a1ced19-0-0-0\" class=\"so-panel widget widget_ndm-section-title panel-first-child panel-last-child\" data-index=\"0\" ><div\n\t\t\t\n\t\t\tclass=\"so-widget-ndm-section-title so-widget-ndm-section-title-default-d75171398898\"\n\t\t\t\n\t\t><h2 class=\"ndm-section-title col-12 mb-3 mb-md-6\"><span class=\"ndm-dot--large\"><\/span>F\u0151bb tev\u00e9kenys\u00e9geink<\/h2><\/div><\/div><\/div><\/div><div id=\"pg-w65d352a1ced19-1\"  class=\"panel-grid panel-has-style\" ><div class=\"siteorigin-panels-stretch panel-row-style panel-row-style-for-w65d352a1ced19-1\" data-stretch-type=\"full-width-stretch\" ><div id=\"pgc-w65d352a1ced19-1-0\"  class=\"panel-grid-cell\" ><div id=\"panel-w65d352a1ced19-1-0-0\" class=\"so-panel widget widget_ndm-services panel-first-child panel-last-child\" data-index=\"1\" ><div\n\t\t\t\n\t\t\tclass=\"so-widget-ndm-services so-widget-ndm-services-default-d75171398898\"\n\t\t\t\n\t\t><div class=\"ndm-services w-100\">\n\t<div class=\"container\">\n\t\t<div class=\"row g-3 g-md-4\">\n\t\t\t\t\t\t\t\t\t\t<div class=\"col-lg-4\">\n\t\t\t\t\t\t\t\t<div class=\"ndm-service d-flex flex-column\">\n\t\t\t\t\t\t\t\t\t<div class=\"ndm-service__content flex-grow-1\">\n\t\t\t\t\t\t\t\t\t\t<div class=\"ndm-dot--small mb-10\"><\/div>\n\t\t\t\t\t\t\t\t\t\t<h3 class=\"ndm-service__title mb-2 mb-md-3\">Immigr\u00e1ci\u00f3s szolg\u00e1ltat\u00e1sok<\/h3><p>Tan\u00e1csad\u00f3ink folyamatos t\u00e1mogat\u00e1st ny\u00fajtanak, elhivatottan koordin\u00e1lj\u00e1k a teljes folyamatokat, \u00e9s biztos\u00edtj\u00e1k a kit\u0171z\u00f6tt c\u00e9lok el\u00e9r\u00e9s\u00e9t minden k\u00f6r\u00fclm\u00e9ny k\u00f6z\u00f6tt.<\/p>\n\t\t\t\t\t\t\t\t\t<\/div>\n\t\t\t\t\t\t\t\t\t<a href=\"https:\/\/expatworld.hu\/hu\/szolgaltatasok\/\" class=\"ndm-service__footer d-flex align-items-center justify-content-between\">\n\t\t\t\t\t\t\t\t\t\t<h4 class=\"ndm-service__rm mb-0\">B\u0151vebben<\/h4>\n\t\t\t\t\t\t\t\t\t\t<svg xmlns=\"http:\/\/www.w3.org\/2000\/svg\" width=\"20\" height=\"20\" viewBox=\"0 0 20 20\">\n  \t\t\t\t\t\t\t\t\t\t\t<path id=\"arrow-right-circle-fill\" d=\"M10,0A10,10,0,1,1,0,10,10,10,0,0,1,10,0ZM5.625,9.375a.625.625,0,0,0,0,1.25h7.241l-2.684,2.682a.626.626,0,1,0,.885.885l3.75-3.75a.625.625,0,0,0,0-.885l-3.75-3.75a.626.626,0,0,0-.885.885l2.684,2.682Z\"\/>\n\t\t\t\t\t\t\t\t\t\t<\/svg>\n\t\t\t\t\t\t\t\t\t<\/a>\n\t\t\t\t\t\t\t\t<\/div>\n\t\t\t\t\t\t\t<\/div>\n\t\t\t\t\t\t\t\t\t\t\t\t\t<div class=\"col-lg-4\">\n\t\t\t\t\t\t\t\t<div class=\"ndm-service d-flex flex-column\">\n\t\t\t\t\t\t\t\t\t<div class=\"ndm-service__content flex-grow-1\">\n\t\t\t\t\t\t\t\t\t\t<div class=\"ndm-dot--small mb-10\"><\/div>\n\t\t\t\t\t\t\t\t\t\t<h3 class=\"ndm-service__title mb-2 mb-md-3\">K\u00f6lt\u00f6ztet\u00e9si szolg\u00e1ltat\u00e1sok<\/h3><p>Amikor egy kik\u00fcldet\u00e9s megkezd\u0151dik, vagy egy \u00faj relok\u00e1ci\u00f3s lehet\u0151s\u00e9g ad\u00f3dik, sz\u00e1mos fontos regisztr\u00e1ci\u00f3s k\u00f6vetelm\u00e9ny mer\u00fcl fel a helyi hivatalokn\u00e1l. Mi \u00f6r\u00f6mmel tessz\u00fck ezt egyszer\u0171v\u00e9 \u00fcgyfeleink sz\u00e1m\u00e1ra.<\/p>\n\t\t\t\t\t\t\t\t\t<\/div>\n\t\t\t\t\t\t\t\t\t<a href=\"https:\/\/expatworld.hu\/hu\/szolgaltatasok\/\" class=\"ndm-service__footer d-flex align-items-center justify-content-between\">\n\t\t\t\t\t\t\t\t\t\t<h4 class=\"ndm-service__rm mb-0\">B\u0151vebben<\/h4>\n\t\t\t\t\t\t\t\t\t\t<svg xmlns=\"http:\/\/www.w3.org\/2000\/svg\" width=\"20\" height=\"20\" viewBox=\"0 0 20 20\">\n  \t\t\t\t\t\t\t\t\t\t\t<path id=\"arrow-right-circle-fill\" d=\"M10,0A10,10,0,1,1,0,10,10,10,0,0,1,10,0ZM5.625,9.375a.625.625,0,0,0,0,1.25h7.241l-2.684,2.682a.626.626,0,1,0,.885.885l3.75-3.75a.625.625,0,0,0,0-.885l-3.75-3.75a.626.626,0,0,0-.885.885l2.684,2.682Z\"\/>\n\t\t\t\t\t\t\t\t\t\t<\/svg>\n\t\t\t\t\t\t\t\t\t<\/a>\n\t\t\t\t\t\t\t\t<\/div>\n\t\t\t\t\t\t\t<\/div>\n\t\t\t\t\t\t\t\t\t\t\t\t\t<div class=\"col-lg-4\">\n\t\t\t\t\t\t\t\t<div class=\"ndm-service d-flex flex-column\">\n\t\t\t\t\t\t\t\t\t<div class=\"ndm-service__content flex-grow-1\">\n\t\t\t\t\t\t\t\t\t\t<div class=\"ndm-dot--small mb-10\"><\/div>\n\t\t\t\t\t\t\t\t\t\t<h3 class=\"ndm-service__title mb-2 mb-md-3\">V\u00edzumok, fel\u00fclhiteles\u00edt\u00e9sek <\/h3><p>A vil\u00e1g b\u00e1rmely pontj\u00e1n is legy\u00e9l, \u00f6r\u00f6mmel seg\u00edt\u00fcnk b\u00e1rmely v\u00edzum \u00e9s fel\u00fclhiteles\u00edt\u00e9si \u00fcgyint\u00e9z\u00e9sben Magyarorsz\u00e1g ter\u00fclet\u00e9n. Teljes k\u00f6r\u0171 \u00fcgyint\u00e9z\u00e9st biztos\u00edtunk, \u00edgy minden esetben gondoskodunk a folyamatokhoz sz\u00fcks\u00e9ges t\u00e1rster\u00fcletek koordin\u00e1ci\u00f3j\u00e1r\u00f3l is.<\/p>\n\t\t\t\t\t\t\t\t\t<\/div>\n\t\t\t\t\t\t\t\t\t<a href=\"https:\/\/expatworld.hu\/hu\/szolgaltatasok\/\" class=\"ndm-service__footer d-flex align-items-center justify-content-between\">\n\t\t\t\t\t\t\t\t\t\t<h4 class=\"ndm-service__rm mb-0\">B\u0151vebben<\/h4>\n\t\t\t\t\t\t\t\t\t\t<svg xmlns=\"http:\/\/www.w3.org\/2000\/svg\" width=\"20\" height=\"20\" viewBox=\"0 0 20 20\">\n  \t\t\t\t\t\t\t\t\t\t\t<path id=\"arrow-right-circle-fill\" d=\"M10,0A10,10,0,1,1,0,10,10,10,0,0,1,10,0ZM5.625,9.375a.625.625,0,0,0,0,1.25h7.241l-2.684,2.682a.626.626,0,1,0,.885.885l3.75-3.75a.625.625,0,0,0,0-.885l-3.75-3.75a.626.626,0,0,0-.885.885l2.684,2.682Z\"\/>\n\t\t\t\t\t\t\t\t\t\t<\/svg>\n\t\t\t\t\t\t\t\t\t<\/a>\n\t\t\t\t\t\t\t\t<\/div>\n\t\t\t\t\t\t\t<\/div>\n\t\t\t\t\t\t\t\t<\/div>\n\t<\/div>\n\t<div class=\"ndm-services__design w-100\">\n\t\t<div class=\"row h-100\">\n\t\t\t<div class=\"col-12\">\n\t\t\t\t<div class=\"ndm-services__bg h-100\" style=\"background-image: url('https:\/\/expatworld.hu\/wp-content\/uploads\/2023\/09\/services-bg.jpg'\"><\/div>\n\t\t\t<\/div>\n\t\t<\/div>\n\t<\/div>\n<\/div><\/div><\/div><\/div><\/div><\/div><\/div><\/div><\/div><\/div><\/div><div id=\"pg-144-2\"  class=\"panel-grid panel-has-style\" ><div class=\"siteorigin-panels-stretch panel-row-style panel-row-style-for-144-2\" data-stretch-type=\"full\" ><div id=\"pgc-144-2-0\"  class=\"panel-grid-cell\" ><div id=\"panel-144-2-0-0\" class=\"so-panel widget widget_ndm-section-title panel-first-child\" data-index=\"2\" ><div\n\t\t\t\n\t\t\tclass=\"so-widget-ndm-section-title so-widget-ndm-section-title-default-d75171398898-144\"\n\t\t\t\n\t\t><h2 class=\"ndm-section-title col-12 mb-3 mb-md-6\"><span class=\"ndm-dot--large\"><\/span>Szolg\u00e1ltat\u00e1saink<\/h2><\/div><\/div><div id=\"panel-144-2-0-1\" class=\"so-panel widget widget_ndm-logos panel-last-child\" data-index=\"3\" ><div\n\t\t\t\n\t\t\tclass=\"so-widget-ndm-logos so-widget-ndm-logos-default-d75171398898-144\"\n\t\t\t\n\t\t><div class=\"ndm-logo-slider swiper\">\n\t<div class=\"swiper-wrapper\">\n\t\t\t\t\t\t\t\t<a href=\"https:\/\/expatworld.hu\/hu\/szolgaltatasok\/#vizum\" class=\"swiper-slide d-flex flex-column justify-content-center align-items-center h-100\">\n\t\t\t\t\t\t\t<img decoding=\"async\" src=\"https:\/\/expatworld.hu\/wp-content\/uploads\/2023\/10\/visa-permit.svg\"\n\t\t\t\t\t\t\t\t alt=\"V\u00edzum ikon\"\t\t\t\t\t\t\tclass=\"mb-3\">\n\t\t\t\t\t\t\t<h3 class=\"ndm-logo-slider__title mb-0\">V\u00edzumok<\/h3>\t\t\t\t\t\t<\/a>\n\t\t\t\t\t\t\t\t\t\t\t<a href=\"https:\/\/expatworld.hu\/hu\/szolgaltatasok\/#immigracio\" class=\"swiper-slide d-flex flex-column justify-content-center align-items-center h-100\">\n\t\t\t\t\t\t\t<img decoding=\"async\" src=\"https:\/\/expatworld.hu\/wp-content\/uploads\/2023\/10\/residence-permit.svg\"\n\t\t\t\t\t\t\t\t alt=\"Tart\u00f3zkod\u00e1si enged\u00e9lyek ikon\"\t\t\t\t\t\t\tclass=\"mb-3\">\n\t\t\t\t\t\t\t<h3 class=\"ndm-logo-slider__title mb-0\">Tart\u00f3zkod\u00e1si enged\u00e9lyek<\/h3>\t\t\t\t\t\t<\/a>\n\t\t\t\t\t\t\t\t\t\t\t<a href=\"https:\/\/expatworld.hu\/hu\/szolgaltatasok\/#immigracio\" class=\"swiper-slide d-flex flex-column justify-content-center align-items-center h-100\">\n\t\t\t\t\t\t\t<img decoding=\"async\" src=\"https:\/\/expatworld.hu\/wp-content\/uploads\/2023\/10\/work-permit.svg\"\n\t\t\t\t\t\t\t\t title=\"Munkav\u00e1llal\u00e1si enged\u00e9lyek\" alt=\"Munkav\u00e1llal\u00e1si enged\u00e9lyek\"\t\t\t\t\t\t\tclass=\"mb-3\">\n\t\t\t\t\t\t\t<h3 class=\"ndm-logo-slider__title mb-0\">Munkav\u00e1llal\u00e1si enged\u00e9lyek<\/h3>\t\t\t\t\t\t<\/a>\n\t\t\t\t\t\t\t\t\t\t\t<a href=\"https:\/\/expatworld.hu\/hu\/szolgaltatasok\/#immigracio\" class=\"swiper-slide d-flex flex-column justify-content-center align-items-center h-100\">\n\t\t\t\t\t\t\t<img decoding=\"async\" src=\"https:\/\/expatworld.hu\/wp-content\/uploads\/2023\/10\/tax-number.svg\"\n\t\t\t\t\t\t\t\t alt=\"Ad\u00f3sz\u00e1m\"\t\t\t\t\t\t\tclass=\"mb-3\">\n\t\t\t\t\t\t\t<h3 class=\"ndm-logo-slider__title mb-0\">Ad\u00f3sz\u00e1m<\/h3>\t\t\t\t\t\t<\/a>\n\t\t\t\t\t\t\t\t\t\t\t<a href=\"https:\/\/expatworld.hu\/hu\/szolgaltatasok\/#immigracio\" class=\"swiper-slide d-flex flex-column justify-content-center align-items-center h-100\">\n\t\t\t\t\t\t\t<img decoding=\"async\" src=\"https:\/\/expatworld.hu\/wp-content\/uploads\/2023\/10\/social-security-number.svg\"\n\t\t\t\t\t\t\t\t alt=\"TAJ sz\u00e1m\"\t\t\t\t\t\t\tclass=\"mb-3\">\n\t\t\t\t\t\t\t<h3 class=\"ndm-logo-slider__title mb-0\">TAJ sz\u00e1m<\/h3>\t\t\t\t\t\t<\/a>\n\t\t\t\t\t\t\t\t\t\t\t<a href=\"https:\/\/expatworld.hu\/hu\/szolgaltatasok\/#vizum\" class=\"swiper-slide d-flex flex-column justify-content-center align-items-center h-100\">\n\t\t\t\t\t\t\t<img decoding=\"async\" src=\"https:\/\/expatworld.hu\/wp-content\/uploads\/2024\/02\/apostille-icon.svg\"\n\t\t\t\t\t\t\t\t title=\"Fel\u00fclhiteles\u00edt\u00e9s\" alt=\"Fel\u00fclhiteles\u00edt\u00e9s\"\t\t\t\t\t\t\tclass=\"mb-3\">\n\t\t\t\t\t\t\t<h3 class=\"ndm-logo-slider__title mb-0\">Fel\u00fclhiteles\u00edt\u00e9sek<\/h3>\t\t\t\t\t\t<\/a>\n\t\t\t\t\t\t\t\t\t\t\t<a href=\"https:\/\/expatworld.hu\/hu\/szolgaltatasok\/#immigracio\" class=\"swiper-slide d-flex flex-column justify-content-center align-items-center h-100\">\n\t\t\t\t\t\t\t<img decoding=\"async\" src=\"https:\/\/expatworld.hu\/wp-content\/uploads\/2025\/06\/Assignments_Kikuldetesek.png\"\n\t\t\t\t\t\t\t\t title=\"Kik\u00fcldet\u00e9sek\" alt=\"Kik\u00fcldet\u00e9sek\"\t\t\t\t\t\t\tclass=\"mb-3\">\n\t\t\t\t\t\t\t<h3 class=\"ndm-logo-slider__title mb-0\">Kik\u00fcldet\u00e9sek<\/h3>\t\t\t\t\t\t<\/a>\n\t\t\t\t\t\t\t\t\t\t\t<a href=\"https:\/\/expatworld.hu\/hu\/szolgaltatasok\/#immigracio\" class=\"swiper-slide d-flex flex-column justify-content-center align-items-center h-100\">\n\t\t\t\t\t\t\t<img decoding=\"async\" src=\"https:\/\/expatworld.hu\/wp-content\/uploads\/2025\/06\/Notifications_Bejelentesek.png\"\n\t\t\t\t\t\t\t\t title=\"Bejelent\u00e9sek\" alt=\"Bejelent\u00e9sek\"\t\t\t\t\t\t\tclass=\"mb-3\">\n\t\t\t\t\t\t\t<h3 class=\"ndm-logo-slider__title mb-0\">Bejelent\u00e9sek<\/h3>\t\t\t\t\t\t<\/a>\n\t\t\t\t\t\t\t\t\t\t\t<a href=\"https:\/\/expatworld.hu\/hu\/szolgaltatasok\/#immigracio\" class=\"swiper-slide d-flex flex-column justify-content-center align-items-center h-100\">\n\t\t\t\t\t\t\t<img decoding=\"async\" src=\"https:\/\/expatworld.hu\/wp-content\/uploads\/2025\/06\/HRSupport_HRTamogatas.png\"\n\t\t\t\t\t\t\t\t title=\"HR t\u00e1mogat\u00e1s\" alt=\"HR t\u00e1mogat\u00e1s\"\t\t\t\t\t\t\tclass=\"mb-3\">\n\t\t\t\t\t\t\t<h3 class=\"ndm-logo-slider__title mb-0\">HR t\u00e1mogat\u00e1s<\/h3>\t\t\t\t\t\t<\/a>\n\t\t\t\t\t\t\t\t\t\t\t<a href=\"https:\/\/expatworld.hu\/hu\/szolgaltatasok\/#immigracio\" class=\"swiper-slide d-flex flex-column justify-content-center align-items-center h-100\">\n\t\t\t\t\t\t\t<img decoding=\"async\" src=\"https:\/\/expatworld.hu\/wp-content\/uploads\/2025\/06\/RecruitmentAssistance_KivalasztasiAsszisztancia.png\"\n\t\t\t\t\t\t\t\t title=\"Kiv\u00e1laszt\u00e1si Asszisztencia\" alt=\"Kiv\u00e1laszt\u00e1si Asszisztencia\"\t\t\t\t\t\t\tclass=\"mb-3\">\n\t\t\t\t\t\t\t<h3 class=\"ndm-logo-slider__title mb-0\">Kiv\u00e1laszt\u00e1si Asszisztencia<\/h3>\t\t\t\t\t\t<\/a>\n\t\t\t\t\t\t\t\t\t\t\t<a href=\"https:\/\/expatworld.hu\/hu\/szolgaltatasok\/#immigracio\" class=\"swiper-slide d-flex flex-column justify-content-center align-items-center h-100\">\n\t\t\t\t\t\t\t<img decoding=\"async\" src=\"https:\/\/expatworld.hu\/wp-content\/uploads\/2025\/06\/Trainings_Treningek.png\"\n\t\t\t\t\t\t\t\t title=\"Tr\u00e9ningek\" alt=\"Tr\u00e9ningek\"\t\t\t\t\t\t\tclass=\"mb-3\">\n\t\t\t\t\t\t\t<h3 class=\"ndm-logo-slider__title mb-0\">Tr\u00e9ningek<\/h3>\t\t\t\t\t\t<\/a>\n\t\t\t\t\t\t\t\t\t\t\t<a href=\"https:\/\/expatworld.hu\/hu\/szolgaltatasok\/#immigracio\" class=\"swiper-slide d-flex flex-column justify-content-center align-items-center h-100\">\n\t\t\t\t\t\t\t<img decoding=\"async\" src=\"https:\/\/expatworld.hu\/wp-content\/uploads\/2025\/06\/Consultations_Konzultaciok.png\"\n\t\t\t\t\t\t\t\t title=\"Konzult\u00e1ci\u00f3k\" alt=\"Konzult\u00e1ci\u00f3k\"\t\t\t\t\t\t\tclass=\"mb-3\">\n\t\t\t\t\t\t\t<h3 class=\"ndm-logo-slider__title mb-0\">Konzult\u00e1ci\u00f3k<\/h3>\t\t\t\t\t\t<\/a>\n\t\t\t\t\t\t\t\t\t\t\t<a href=\"https:\/\/expatworld.hu\/hu\/szolgaltatasok\/#immigracio\" class=\"swiper-slide d-flex flex-column justify-content-center align-items-center h-100\">\n\t\t\t\t\t\t\t<img decoding=\"async\" src=\"https:\/\/expatworld.hu\/wp-content\/uploads\/2025\/06\/LifeCyclePlanning_FoglalkoztathatosagiTervezes.png\"\n\t\t\t\t\t\t\t\t title=\"Foglalkoztathat\u00f3s\u00e1g tervez\u00e9s\" alt=\"Foglalkoztathat\u00f3s\u00e1g tervez\u00e9s\"\t\t\t\t\t\t\tclass=\"mb-3\">\n\t\t\t\t\t\t\t<h3 class=\"ndm-logo-slider__title mb-0\">Foglalkoztathat\u00f3s\u00e1g tervez\u00e9s<\/h3>\t\t\t\t\t\t<\/a>\n\t\t\t\t\t\t<\/div>\n\t<div class=\"ndm-slider-pagination d-flex mt-2\">\n\t\t<div class=\"swiper-pagination\"><\/div>\n\t\t<div class=\"swiper-button-prev me-1\">\n\t\t\t<svg xmlns=\"http:\/\/www.w3.org\/2000\/svg\" width=\"32\" height=\"32\" viewBox=\"0 0 32 32\">\n\t\t\t\t<path id=\"arrow-right-circle-fill\" d=\"M16,0A16,16,0,1,1,0,16,16,16,0,0,1,16,0ZM9,15a1,1,0,1,0,0,2H20.586l-4.294,4.292a1,1,0,1,0,1.416,1.416l6-6a1,1,0,0,0,0-1.416l-6-6a1,1,0,0,0-1.416,1.416L20.586,15Z\" transform=\"translate(32 32) rotate(180)\" \/>\n\t\t\t<\/svg>\n\t\t<\/div>\n\t\t<div class=\"swiper-button-next\">\n\t\t\t<svg xmlns=\"http:\/\/www.w3.org\/2000\/svg\" width=\"32\" height=\"32\" viewBox=\"0 0 32 32\">\n\t\t\t\t<path id=\"arrow-right-circle-fill\" d=\"M16,0A16,16,0,1,1,0,16,16,16,0,0,1,16,0ZM9,15a1,1,0,1,0,0,2H20.586l-4.294,4.292a1,1,0,1,0,1.416,1.416l6-6a1,1,0,0,0,0-1.416l-6-6a1,1,0,0,0-1.416,1.416L20.586,15Z\" \/>\n\t\t\t<\/svg>\n\t\t<\/div>\n\t<\/div>\n<\/div><\/div><\/div><\/div><\/div><\/div><div id=\"pg-144-3\"  class=\"panel-grid panel-has-style\" ><div class=\"siteorigin-panels-stretch panel-row-style panel-row-style-for-144-3\" data-stretch-type=\"full-width-stretch\" ><div id=\"pgc-144-3-0\"  class=\"panel-grid-cell\" ><div id=\"panel-144-3-0-0\" class=\"so-panel widget widget_ndm-btn panel-first-child panel-last-child\" data-index=\"4\" ><div class=\"panel-widget-style panel-widget-style-for-144-3-0-0\" ><div\n\t\t\t\n\t\t\tclass=\"so-widget-ndm-btn so-widget-ndm-btn-default-d75171398898-144\"\n\t\t\t\n\t\t><div class=\"ndm-btn text-center\"><a href=\"https:\/\/expatworld.hu\/hu\/kapcsolat\/\" class=\"btn btn-primary mb-0\">Kapcsolat<\/a><\/div><\/div><\/div><\/div><\/div><\/div><\/div><\/div>","protected":false},"excerpt":{"rendered":"<p>Minden tev\u00e9kenys\u00e9g\u00fcnk mozgat\u00f3rug\u00f3ja az \u00fcgyfelek ismerete: az immigr\u00e1ci\u00f3s szolg\u00e1ltat\u00e1si paletta teljes spektrum\u00e1n seg\u00edt\u00fcnk megtal\u00e1lni a lehet\u0151&#8230;<\/p>\n","protected":false},"author":2,"featured_media":0,"parent":0,"menu_order":0,"comment_status":"closed","ping_status":"closed","template":"home.php","meta":{"_acf_changed":false,"inline_featured_image":false,"footnotes":""},"class_list":["post-144","page","type-page","status-publish","hentry"],"acf":[],"_links":{"self":[{"href":"https:\/\/expatworld.hu\/hu\/wp-json\/wp\/v2\/pages\/144","targetHints":{"allow":["GET"]}}],"collection":[{"href":"https:\/\/expatworld.hu\/hu\/wp-json\/wp\/v2\/pages"}],"about":[{"href":"https:\/\/expatworld.hu\/hu\/wp-json\/wp\/v2\/types\/page"}],"author":[{"embeddable":true,"href":"https:\/\/expatworld.hu\/hu\/wp-json\/wp\/v2\/users\/2"}],"replies":[{"embeddable":true,"href":"https:\/\/expatworld.hu\/hu\/wp-json\/wp\/v2\/comments?post=144"}],"version-history":[{"count":0,"href":"https:\/\/expatworld.hu\/hu\/wp-json\/wp\/v2\/pages\/144\/revisions"}],"wp:attachment":[{"href":"https:\/\/expatworld.hu\/hu\/wp-json\/wp\/v2\/media?parent=144"}],"curies":[{"name":"wp","href":"https:\/\/api.w.org\/{rel}","templated":true}]}}