{"id":145,"date":"2023-09-26T12:19:06","date_gmt":"2023-09-26T10:19:06","guid":{"rendered":"https:\/\/expatworlds.hu\/about-us\/"},"modified":"2024-04-04T13:01:34","modified_gmt":"2024-04-04T11:01:34","slug":"rolunk","status":"publish","type":"page","link":"https:\/\/expatworld.hu\/hu\/rolunk\/","title":{"rendered":"R\u00f3lunk"},"content":{"rendered":"<div id=\"pl-145\"  class=\"panel-layout\" ><div id=\"pg-145-0\"  class=\"panel-grid panel-has-style\" ><div class=\"panel-row-style panel-row-style-for-145-0\" ><div id=\"pgc-145-0-0\"  class=\"panel-grid-cell\" ><div id=\"panel-145-0-0-0\" class=\"so-panel widget widget_ndm-section-title panel-first-child\" data-index=\"0\" ><div\n\t\t\t\n\t\t\tclass=\"so-widget-ndm-section-title so-widget-ndm-section-title-default-d75171398898-145\"\n\t\t\t\n\t\t><h2 class=\"ndm-section-title col-12 mb-3 mb-md-6\"><span class=\"ndm-dot--large\"><\/span>Egy immigr\u00e1ci\u00f3s tan\u00e1csad\u00f3 v\u00e1llalat, amely \u00fatt\u00f6r\u0151 megold\u00e1sokat k\u00edn\u00e1l<\/h2><\/div><\/div><div id=\"panel-145-0-0-1\" class=\"so-panel widget widget_ndm-overlap panel-last-child\" data-index=\"1\" ><div\n\t\t\t\n\t\t\tclass=\"so-widget-ndm-overlap so-widget-ndm-overlap-default-d75171398898-145\"\n\t\t\t\n\t\t>\t\t\t<div class=\"ndm-overlap row flex-column-reverse\">\r\n\t\t\t\t<div class=\"col-xl-8 offset-xl-4\">\r\n\t\t\t\t\t<div class=\"ndm-overlap__img\">\r\n\t\t\t\t\t\t<img decoding=\"async\" src=\"https:\/\/expatworld.hu\/wp-content\/uploads\/2024\/01\/ready-work-hard-young-modern-colleagues-smart-casual-wear-working-new.jpg\">\t\t\t\t\t<\/div>\r\n\t\t\t\t<\/div>\r\n\t\t\t\t<div class=\"col-xl-6 ndm-overlap__absolute\">\r\n\t\t\t\t\t<div class=\"ndm-overlap__content d-flex flex-column justify-content-between\">\r\n\t\t\t\t\t\t<div class=\"ndm-dot--small\"><\/div>\r\n\t\t\t\t\t\t<p><span class=\"rynqvb\">C\u00e9lunk, hogy seg\u00edts\u00fcnk \u00fcgyfeleinknek el\u0151re jelezni \u00e9s megtervezni j\u00f6v\u0151beli lehet\u0151s\u00e9geiket, \u00e9s \u00faj utakat teremteni a folyamatosan v\u00e1ltoz\u00f3 k\u00f6rnyezetben. Pontosan ismerj\u00fck azokat a probl\u00e9m\u00e1kat, amelyekkel az emberek k\u00fclf\u00f6ld\u00f6n szembes\u00fclnek, \u00e9rtj\u00fck \u00e9s tiszteletben tartjuk az ig\u00e9nyeiket \u00e9s figyel\u00fcnk r\u00e1juk. Minden t\u00f6rt\u00e9net fontos, \u00edgy minden folyamatunk egy\u00e9nre szabott. Nem hisz\u00fcnk a sablon szolg\u00e1ltat\u00e1sokban. <\/span><\/p>\n\t\t\t\t\t<\/div>\r\n\t\t\t\t<\/div>\r\n\t\t\t<\/div>\r\n\t\t<\/div><\/div><\/div><\/div><\/div><div id=\"pg-145-1\"  class=\"panel-grid panel-has-style\" ><div class=\"panel-row-style panel-row-style-for-145-1\" ><div id=\"pgc-145-1-0\"  class=\"panel-grid-cell\" ><div id=\"panel-145-1-0-0\" class=\"so-panel widget widget_ndm-section-title panel-first-child\" data-index=\"2\" ><div\n\t\t\t\n\t\t\tclass=\"so-widget-ndm-section-title so-widget-ndm-section-title-default-d75171398898-145\"\n\t\t\t\n\t\t><h2 class=\"ndm-section-title col-12 mb-3 mb-md-6\"><span class=\"ndm-dot--large\"><\/span>V\u00e1llalatunk t\u00f6rt\u00e9nete<\/h2><\/div><\/div><div id=\"panel-145-1-0-1\" class=\"so-panel widget widget_sow-editor panel-last-child\" data-index=\"3\" ><div\n\t\t\t\n\t\t\tclass=\"so-widget-sow-editor so-widget-sow-editor-base\"\n\t\t\t\n\t\t>\n<div class=\"siteorigin-widget-tinymce textwidget\">\n\t<p>Az Expat World-\u00f6t 2012-ben alap\u00edtotta meg egy \u00fatt\u00f6r\u0151 szellemis\u00e9g\u0171 szakemberekb\u0151l \u00e1ll\u00f3 csapat, azzal a k\u00fcldet\u00e9studattal, hogy egy, a hagyom\u00e1nyos relok\u00e1ci\u00f3s-, \u00e9s immigr\u00e1ci\u00f3s \u00fcgyn\u00f6ks\u00e9geken t\u00falmutat\u00f3 tud\u00e1s alap\u00fa v\u00e1llalatot hozzanak l\u00e9tre. Egy helyet, ahol a tan\u00e1csad\u00f3k nem f\u00e9lnek a megszokott s\u00e9m\u00e1kon k\u00edv\u00fcl gondolkodva \u00fajabb \u00e9s \u00fajabb testre szabott megold\u00e1sokat alkotni. <span class=\"rynqvb\">Figyelik a folyamatosan v\u00e1ltoz\u00f3 ig\u00e9nyeket \u00e9s lehet\u0151s\u00e9geket, \u00e9s f\u00e1radhatatlanul dolgoznak azon, hogy az Expat World a j\u00f6v\u0151ben is\u00a0 egy olyan szak\u00e9rt\u0151i v\u00e1llalat legyen, ahol mindig mindenre van v\u00e1lasz, ahol inspir\u00e1l\u00f3 a k\u00f6rnyezet \u00e9s j\u00f3 \u00fcgyf\u00e9lnek lenni. <\/span><\/p>\n<p>Az alap koncepci\u00f3 r\u00e9sz\u00e9t k\u00e9pezte, hogy mindez egy gyors, egyszer\u0171, rugalmas, nyitotts\u00e1ggal \u00e9s szem\u00e9lyes odafigyel\u00e9ssel \u00e1titatott rendszerben val\u00f3suljon meg, lapos szervezeti strukt\u00far\u00e1ban. Hiszen tudjuk, hogy az id\u0151 ezen a ter\u00fcleten kiemelten kritikus t\u00e9nyez\u0151.<\/p>\n<\/div>\n<\/div><\/div><\/div><\/div><\/div><div id=\"pg-145-2\"  class=\"panel-grid panel-has-style\" ><div class=\"siteorigin-panels-stretch panel-row-style panel-row-style-for-145-2\" data-stretch-type=\"full-width-stretch\" ><div id=\"pgc-145-2-0\"  class=\"panel-grid-cell\" ><div id=\"panel-145-2-0-0\" class=\"so-panel widget widget_ndm-image panel-first-child panel-last-child\" data-index=\"4\" ><div\n\t\t\t\n\t\t\tclass=\"so-widget-ndm-image so-widget-ndm-image-default-d75171398898-145\"\n\t\t\t\n\t\t><div class=\"ndm-image mb-3 mb-lg-4 ms-3 me-3 ms-md-4 me-md-4\"><img decoding=\"async\" src=\"https:\/\/expatworld.hu\/wp-content\/uploads\/2023\/10\/about-us.jpg\"><\/div><\/div><\/div><\/div><\/div><\/div><div id=\"pg-145-3\"  class=\"panel-grid panel-has-style\" ><div class=\"panel-row-style panel-row-style-for-145-3\" ><div id=\"pgc-145-3-0\"  class=\"panel-grid-cell\" ><div id=\"panel-145-3-0-0\" class=\"so-panel widget widget_ndm-section-title panel-first-child\" data-index=\"5\" ><div\n\t\t\t\n\t\t\tclass=\"so-widget-ndm-section-title so-widget-ndm-section-title-default-d75171398898-145\"\n\t\t\t\n\t\t><h2 class=\"ndm-section-title col-12 mb-3 mb-md-6\"><span class=\"ndm-dot--large\"><\/span>Partnereink<\/h2><\/div><\/div><div id=\"panel-145-3-0-1\" class=\"so-panel widget widget_sow-editor\" data-index=\"6\" ><div\n\t\t\t\n\t\t\tclass=\"so-widget-sow-editor so-widget-sow-editor-base\"\n\t\t\t\n\t\t>\n<div class=\"siteorigin-widget-tinymce textwidget\">\n\t<p>A c\u00e9g megalap\u00edt\u00e1sa \u00f3ta k\u00f6zel 150 v\u00e1llalat munk\u00e1j\u00e1t seg\u00edtett\u00fck eddig szerz\u0151d\u00f6tt immigr\u00e1ci\u00f3s \u00e9s relok\u00e1ci\u00f3s partnerk\u00e9nt vagy glob\u00e1lis relok\u00e1ci\u00f3s v\u00e1llalatok helyi szolg\u00e1ltat\u00f3jak\u00e9nt. T\u00f6bb, mint 10000 sikeres folyamattal 60 k\u00fcl\u00f6nb\u00f6z\u0151 orsz\u00e1g rel\u00e1ci\u00f3j\u00e1ban igazoltnak l\u00e1tszik v\u00e1llalati filoz\u00f3fi\u00e1nk megalapozotts\u00e1ga \u00e9s ez ad energi\u00e1t a folyamatos fejleszt\u00e9sekre \u00e9s \u00faj szolg\u00e1ltat\u00e1si ter\u00fcletek bevon\u00e1s\u00e1ra.<\/p>\n<\/div>\n<\/div><\/div><div id=\"panel-145-3-0-2\" class=\"so-panel widget widget_ndm-image panel-last-child\" data-index=\"7\" ><div\n\t\t\t\n\t\t\tclass=\"so-widget-ndm-image so-widget-ndm-image-default-d75171398898-145\"\n\t\t\t\n\t\t><div class=\"ndm-image mb-3 mb-lg-4\"><img decoding=\"async\" src=\"https:\/\/expatworld.hu\/wp-content\/uploads\/2024\/02\/Worls_map.svg\" alt=\"World map\"><\/div><\/div><\/div><\/div><\/div><\/div><div id=\"pg-145-4\"  class=\"panel-grid panel-no-style\" ><div id=\"pgc-145-4-0\"  class=\"panel-grid-cell\" ><div id=\"panel-145-4-0-0\" class=\"so-panel widget widget_ndm-section-title panel-first-child\" data-index=\"8\" ><div\n\t\t\t\n\t\t\tclass=\"so-widget-ndm-section-title so-widget-ndm-section-title-default-d75171398898-145\"\n\t\t\t\n\t\t><h2 class=\"ndm-section-title col-12 mb-3 mb-md-6\"><span class=\"ndm-dot--large\"><\/span>T\u00e1rsadalmi felel\u0151ss\u00e9gv\u00e1llal\u00e1s<\/h2><\/div><\/div><div id=\"panel-145-4-0-1\" class=\"so-panel widget widget_sow-editor panel-last-child\" data-index=\"9\" ><div class=\"so-rounded panel-widget-style panel-widget-style-for-145-4-0-1\" ><div\n\t\t\t\n\t\t\tclass=\"so-widget-sow-editor so-widget-sow-editor-base\"\n\t\t\t\n\t\t>\n<div class=\"siteorigin-widget-tinymce textwidget\">\n\t<p>Mindig igyeksz\u00fcnk hitelesek lenni, \u00e9rt\u00e9ket k\u00e9pviselni, \u00e9s megtal\u00e1lni a m\u00f3dj\u00e1t, hogy seg\u00edthess\u00fcnk. Az Expat World-n\u00e9l mindig is alapvet\u0151 \u00e9rt\u00e9k volt, hogy tud\u00e1sunkkal \u00e9s glob\u00e1lis tapasztalatunkkal t\u00e1mogassuk a r\u00e1szorul\u00f3knak.<\/p>\n<p><span class=\"rynqvb\">B\u00fcszk\u00e9k vagyunk arra, hogy <\/span>az <a href=\"https:\/\/www.prospectsinhungary.com\/\" target=\"_blank\" rel=\"noopener\">Es\u00e9ly Magyarorsz\u00e1gon<\/a>, <span class=\"rynqvb\">integr\u00e1ci\u00f3s program, immigr\u00e1ci\u00f3s tan\u00e1csad\u00f3 partnere lehet\u00fcnk, amely komplex m\u00f3don seg\u00edti az ukr\u00e1n mened\u00e9kk\u00e9r\u0151k magyarorsz\u00e1gi \u00e1ll\u00e1skeres\u00e9s\u00e9t \u00e9s beilleszked\u00e9s\u00e9t. <\/span><\/p>\n<p>Minden ukr\u00e1n mened\u00e9kk\u00e9r\u0151t, \u00e9s potenci\u00e1lis munkaad\u00f3t egyar\u00e1nt seg\u00edt\u00fcnk abban, hogy jobban meg\u00e9rts\u00e9k a kapcsol\u00f3d\u00f3 tart\u00f3zkod\u00e1si \u00e9s foglalkoztat\u00e1si lehet\u0151s\u00e9geket, valamint az ebb\u0151l fakad\u00f3 k\u00f6telezetts\u00e9geket.<\/p>\n<\/div>\n<\/div><\/div><\/div><\/div><\/div><div id=\"pg-145-5\"  class=\"panel-grid panel-has-style\" ><div class=\"panel-row-style panel-row-style-for-145-5\" ><div id=\"pgc-145-5-0\"  class=\"panel-grid-cell\" ><div id=\"panel-145-5-0-0\" class=\"so-panel widget widget_ndm-image panel-first-child panel-last-child\" data-index=\"10\" ><div\n\t\t\t\n\t\t\tclass=\"so-widget-ndm-image so-widget-ndm-image-default-d75171398898-145\"\n\t\t\t\n\t\t><div class=\"ndm-image mb-3 mb-lg-4\"><img decoding=\"async\" src=\"https:\/\/expatworld.hu\/wp-content\/uploads\/2024\/04\/nyitott_vallalat.png\"><\/div><\/div><\/div><\/div><div id=\"pgc-145-5-1\"  class=\"panel-grid-cell\" ><div id=\"panel-145-5-1-0\" class=\"so-panel widget widget_ndm-image panel-first-child panel-last-child\" data-index=\"11\" ><div\n\t\t\t\n\t\t\tclass=\"so-widget-ndm-image so-widget-ndm-image-default-d75171398898-145\"\n\t\t\t\n\t\t><div class=\"ndm-image mb-3 mb-lg-4\"><img decoding=\"async\" src=\"https:\/\/expatworld.hu\/wp-content\/uploads\/2024\/04\/csaladbarat_munkahely.png\"><\/div><\/div><\/div><\/div><div id=\"pgc-145-5-2\"  class=\"panel-grid-cell\" ><div id=\"panel-145-5-2-0\" class=\"so-panel widget widget_ndm-image panel-first-child\" data-index=\"12\" ><div\n\t\t\t\n\t\t\tclass=\"so-widget-ndm-image so-widget-ndm-image-default-d75171398898-145\"\n\t\t\t\n\t\t><div class=\"ndm-image mb-3 mb-lg-4\"><img decoding=\"async\" src=\"https:\/\/expatworld.hu\/wp-content\/uploads\/2024\/01\/VUSZ_logo_VALLALHATO.png\"><\/div><\/div><\/div><div id=\"panel-145-5-2-1\" class=\"so-panel widget widget_sow-editor panel-last-child\" data-index=\"13\" ><div\n\t\t\t\n\t\t\tclass=\"so-widget-sow-editor so-widget-sow-editor-base\"\n\t\t\t\n\t\t>\n<div class=\"siteorigin-widget-tinymce textwidget\">\n\t<p style=\"text-align: center;\"><a href=\"https:\/\/vallalhato.hu\/\" target=\"_blank\" rel=\"noopener\">vallalhato.hu<\/a><\/p>\n<\/div>\n<\/div><\/div><\/div><div id=\"pgc-145-5-3\"  class=\"panel-grid-cell\" ><div id=\"panel-145-5-3-0\" class=\"so-panel widget widget_ndm-image panel-first-child panel-last-child\" data-index=\"14\" ><div\n\t\t\t\n\t\t\tclass=\"so-widget-ndm-image so-widget-ndm-image-default-d75171398898-145\"\n\t\t\t\n\t\t><div class=\"ndm-image mb-3 mb-lg-4\"><img decoding=\"async\" src=\"https:\/\/expatworld.hu\/wp-content\/uploads\/2024\/04\/dolgozo_anyukak.png\"><\/div><\/div><\/div><\/div><div id=\"pgc-145-5-4\"  class=\"panel-grid-cell\" ><div id=\"panel-145-5-4-0\" class=\"so-panel widget widget_ndm-image panel-first-child panel-last-child\" data-index=\"15\" ><div\n\t\t\t\n\t\t\tclass=\"so-widget-ndm-image so-widget-ndm-image-default-d75171398898-145\"\n\t\t\t\n\t\t><div class=\"ndm-image mb-3 mb-lg-4\"><img decoding=\"async\" src=\"https:\/\/expatworld.hu\/wp-content\/uploads\/2024\/04\/kornyezettudatos_szervezet.png\"><\/div><\/div><\/div><\/div><\/div><\/div><div id=\"pg-145-6\"  class=\"panel-grid panel-has-style\" ><div class=\"siteorigin-panels-stretch panel-row-style panel-row-style-for-145-6\" data-stretch-type=\"full-width-stretch\" ><div id=\"pgc-145-6-0\"  class=\"panel-grid-cell\" ><div id=\"panel-145-6-0-0\" class=\"so-panel widget widget_ndm-btn panel-first-child panel-last-child\" data-index=\"16\" ><div class=\"panel-widget-style panel-widget-style-for-145-6-0-0\" ><div\n\t\t\t\n\t\t\tclass=\"so-widget-ndm-btn so-widget-ndm-btn-default-d75171398898-145\"\n\t\t\t\n\t\t><div class=\"ndm-btn text-center\"><a href=\"https:\/\/expatworld.hu\/hu\/kapcsolat\/\" class=\"btn btn-primary mb-0\">Kapcsolat<\/a><\/div><\/div><\/div><\/div><\/div><\/div><\/div><\/div>","protected":false},"excerpt":{"rendered":"<p>Az Expat World-\u00f6t 2012-ben alap\u00edtotta meg egy \u00fatt\u00f6r\u0151 szellemis\u00e9g\u0171 szakemberekb\u0151l \u00e1ll\u00f3 csapat, azzal a k\u00fcldet\u00e9studattal, hogy&#8230;<\/p>\n","protected":false},"author":2,"featured_media":0,"parent":0,"menu_order":2,"comment_status":"closed","ping_status":"closed","template":"wo-bottom-padding.php","meta":{"_acf_changed":false,"inline_featured_image":false,"footnotes":""},"class_list":["post-145","page","type-page","status-publish","hentry"],"acf":[],"_links":{"self":[{"href":"https:\/\/expatworld.hu\/hu\/wp-json\/wp\/v2\/pages\/145","targetHints":{"allow":["GET"]}}],"collection":[{"href":"https:\/\/expatworld.hu\/hu\/wp-json\/wp\/v2\/pages"}],"about":[{"href":"https:\/\/expatworld.hu\/hu\/wp-json\/wp\/v2\/types\/page"}],"author":[{"embeddable":true,"href":"https:\/\/expatworld.hu\/hu\/wp-json\/wp\/v2\/users\/2"}],"replies":[{"embeddable":true,"href":"https:\/\/expatworld.hu\/hu\/wp-json\/wp\/v2\/comments?post=145"}],"version-history":[{"count":0,"href":"https:\/\/expatworld.hu\/hu\/wp-json\/wp\/v2\/pages\/145\/revisions"}],"wp:attachment":[{"href":"https:\/\/expatworld.hu\/hu\/wp-json\/wp\/v2\/media?parent=145"}],"curies":[{"name":"wp","href":"https:\/\/api.w.org\/{rel}","templated":true}]}}