{"id":146,"date":"2023-09-26T12:19:20","date_gmt":"2023-09-26T10:19:20","guid":{"rendered":"https:\/\/expatworlds.hu\/services\/"},"modified":"2025-06-20T15:18:26","modified_gmt":"2025-06-20T13:18:26","slug":"szolgaltatasok","status":"publish","type":"page","link":"https:\/\/expatworld.hu\/hu\/szolgaltatasok\/","title":{"rendered":"Szolg\u00e1ltat\u00e1sok"},"content":{"rendered":"<div id=\"pl-146\"  class=\"panel-layout\" ><div id=\"pg-146-0\"  class=\"panel-grid panel-no-style\" ><div id=\"pgc-146-0-0\"  class=\"panel-grid-cell\" ><div id=\"panel-146-0-0-0\" class=\"so-panel widget widget_ndm-section-title panel-first-child\" data-index=\"0\" ><div\n\t\t\t\n\t\t\tclass=\"so-widget-ndm-section-title so-widget-ndm-section-title-default-d75171398898-146\"\n\t\t\t\n\t\t><h2 class=\"ndm-section-title col-12 mb-3 mb-md-6\"><span class=\"ndm-dot--large\"><\/span>Seg\u00edt\u00fcnk felk\u00e9sz\u00fclni a j\u00f6v\u0151 kih\u00edv\u00e1saira<\/h2><\/div><\/div><div id=\"panel-146-0-0-1\" class=\"so-panel widget widget_sow-editor panel-last-child\" data-index=\"1\" ><div\n\t\t\t\n\t\t\tclass=\"so-widget-sow-editor so-widget-sow-editor-base\"\n\t\t\t\n\t\t>\n<div class=\"siteorigin-widget-tinymce textwidget\">\n\t<p>Hisz\u00fcnk abban, hogy csak \u00fagy \u00e9rhetj\u00fck el a legjobb eredm\u00e9nyeket, ha \u00fcgyfeleinknek egy\u00e9nre szabott szolg\u00e1ltat\u00e1si portf\u00f3li\u00f3kat aj\u00e1nlunk, igazodva a v\u00e1llalati c\u00e9lokhoz \u00e9s preferenci\u00e1khoz. Minden \u00fcgyf\u00e9l m\u00e1s, \u00e9s mi elhivatottak vagyunk megtal\u00e1lni mindenkinek a sz\u00e1m\u00e1ra lehet\u0151 legjobb megold\u00e1st. Teljes k\u00f6r\u0171 szolg\u00e1ltat\u00e1si menedzsmentet biztos\u00edtunk, szigor\u00fa elj\u00e1r\u00e1si protokollt k\u00f6vetve, ugyanakkor nyitottan a folyamatosan v\u00e1ltoz\u00f3 ig\u00e9nyekre.<\/p>\n<\/div>\n<\/div><\/div><\/div><\/div><div id=\"pg-146-1\"  class=\"panel-grid panel-has-style\" ><div class=\"panel-row-style panel-row-style-for-146-1\" ><div id=\"pgc-146-1-0\"  class=\"panel-grid-cell panel-grid-cell-empty\" ><\/div><div id=\"pgc-146-1-1\"  class=\"panel-grid-cell panel-grid-cell-mobile-last\" ><div id=\"panel-146-1-1-0\" class=\"so-panel widget widget_ndm-image panel-first-child panel-last-child\" data-index=\"2\" ><div\n\t\t\t\n\t\t\tclass=\"so-widget-ndm-image so-widget-ndm-image-default-d75171398898-146\"\n\t\t\t\n\t\t><div class=\"ndm-image mb-3 mb-lg-4\"><img decoding=\"async\" src=\"https:\/\/expatworld.hu\/wp-content\/uploads\/2025\/06\/Expat-World-globe-1280px-HUN-1-scaled.png\" alt=\"Inf\u00f3grafika\"><\/div><\/div><\/div><\/div><div id=\"pgc-146-1-2\"  class=\"panel-grid-cell panel-grid-cell-empty\" ><\/div><\/div><\/div><div id=\"pg-146-2\"  class=\"panel-grid panel-has-style\" ><div id=\"immigracio\" class=\"panel-row-style panel-row-style-for-146-2\" ><div id=\"pgc-146-2-0\"  class=\"panel-grid-cell\" ><div id=\"panel-146-2-0-0\" class=\"so-panel widget widget_ndm-section-title panel-first-child\" data-index=\"3\" ><div\n\t\t\t\n\t\t\tclass=\"so-widget-ndm-section-title so-widget-ndm-section-title-default-d75171398898-146\"\n\t\t\t\n\t\t><h2 class=\"ndm-section-title col-12 mb-3\"><span class=\"ndm-dot--large\"><\/span>Immigr\u00e1ci\u00f3s szolg\u00e1ltat\u00e1sok<\/h2><div class=\"mb-3 mb-md-6\"><p>Tan\u00e1csad\u00f3ink folyamatos t\u00e1mogat\u00e1st ny\u00fajtanak, elhivatottan koordin\u00e1lj\u00e1k a teljes folyamatokat, \u00e9s biztos\u00edtj\u00e1k a k\u00e9rt c\u00e9lok el\u00e9r\u00e9s\u00e9t minden k\u00f6r\u00fclm\u00e9ny k\u00f6z\u00f6tt.<\/p>\n<ul>\n<li>HR tr\u00e9ningek<\/li>\n<li>Recruitment tr\u00e9ningek<\/li>\n<li>HR t\u00e1mogat\u00e1s<\/li>\n<li>Recruitment t\u00e1mogat\u00e1s<\/li>\n<li>K\u00fclf\u00f6ldi munkav\u00e1llal\u00f3i \u00e1llom\u00e1ny ellen\u0151rz\u00e9se<\/li>\n<li>Konzult\u00e1ci\u00f3k<\/li>\n<li>Munkak\u00f6ri jogosults\u00e1g ellen\u0151rz\u00e9se<\/li>\n<\/ul>\n<\/div><\/div><\/div><div id=\"panel-146-2-0-1\" class=\"so-panel widget widget_ndm-list panel-last-child\" data-index=\"4\" ><div\n\t\t\t\n\t\t\tclass=\"so-widget-ndm-list so-widget-ndm-list-default-d75171398898-146\"\n\t\t\t\n\t\t><ul class=\"ndm-list--ul ndm-list--cols\">\t\t\t<li>R\u00f6vid t\u00e1vra sz\u00f3l\u00f3 v\u00edzumok <\/li>\r\n\t\t\t\t\t<li>Munkav\u00e1llal\u00e1si enged\u00e9ly<\/li>\r\n\t\t\t\t\t<li>Tart\u00f3zkod\u00e1si enged\u00e9lyek: Foglalkoztat\u00e1s, Magyar K\u00e1rtya, EU k\u00e9k k\u00e1rtya, VBA (V\u00e1llalaton bel\u00fcli \u00e1thelyez\u00e9s\/Hossz\u00fa T\u00e1v\u00fa Mobilit\u00e1s), Nemzeti k\u00e1rtya, Feh\u00e9r k\u00e1rtya (Digit\u00e1lis Nom\u00e1d), Kik\u00fcldet\u00e9s, Vend\u00e9g-\u00f6nfoglalkoztat\u00f3, Vend\u00e9gbefektet\u0151, Szezon\u00e1lis munkav\u00e1llal\u00e1s, Beruh\u00e1z\u00e1s megval\u00f3s\u00edt\u00e1sa, Vend\u00e9gmunk\u00e1s, Kutat\u00e1s, V\u00e1llalati k\u00e1rtya, Tanulm\u00e1nyok folytat\u00e1sa, K\u00e9pz\u00e9si c\u00e9l, Gyakornok, Gy\u00f3gykezel\u00e9s, \u00d6nk\u00e9ntes tev\u00e9kenys\u00e9g folytat\u00e1sa, Csal\u00e1di egy\u00fctt\u00e9l\u00e9s biztos\u00edt\u00e1sa, \u00c1ll\u00e1skeres\u00e9s\/v\u00e1llalkoz\u00e1s ind\u00edt\u00e1sa<\/li>\r\n\t\t\t\t\t<li>Sz\u00e1ll\u00e1shely igazol\u00e1s <\/li>\r\n\t\t\t\t\t<li>Leteleped\u00e9si enged\u00e9lyek: Nemzeti Tart\u00f3zkod\u00e1si K\u00e1rtya, Ideiglenes Tart\u00f3zkod\u00e1si K\u00e1rtya, EU Tart\u00f3zkod\u00e1si K\u00e1rtya<\/li>\r\n\t\t\t\t\t<li>Szem\u00e9lyi igazolv\u00e1ny \u00e9s Lakc\u00edmk\u00e1rtya<\/li>\r\n\t\t\t\t\t<li>Regisztr\u00e1ci\u00f3s igazol\u00e1s \u00e9s Lakc\u00edmk\u00e1rtya EGT \u00e1llampolg\u00e1roknak<\/li>\r\n\t\t\t\t\t<li>Tart\u00f3zkod\u00e1si k\u00e1rtya EGT \u00e1llampolg\u00e1rok csal\u00e1dtagjainak<\/li>\r\n\t\t\t\t\t<li>TAJ sz\u00e1m \u00e9s k\u00e1rtya<\/li>\r\n\t\t\t\t\t<li>TAJ k\u00e1rtya aktiv\u00e1l\u00e1sa vagy meg\u00faj\u00edt\u00e1sa<\/li>\r\n\t\t\t\t\t<li>A1 igazol\u00e1s<\/li>\r\n\t\t\t\t\t<li>Ad\u00f3sz\u00e1m \u00e9s k\u00e1rtya<\/li>\r\n\t\t\t\t\t<li>J\u00f6vedelemigazol\u00e1s<\/li>\r\n\t\t\t\t\t<li>Munkav\u00e9gz\u00e9shez kapcsol\u00f3d\u00f3 bejelent\u00e9sek<\/li>\r\n\t\t\t\t\t<li>Posting Bejelent\u00e9se<\/li>\r\n\t\t\t\t\t<li>Kik\u00fcldet\u00e9sek Regisztr\u00e1ci\u00f3ja<\/li>\r\n\t\t\t\t\t<li>Dokumentum hiteles\u00edt\u00e9sek, Apostille<\/li>\r\n\t\t\t\t\t<li>Hivatalos Ford\u00edt\u00e1sok<\/li>\r\n\t\t\t\t\t<li>Visszavonat\u00e1sok \u00e9s kijelent\u00e9sek<\/li>\r\n\t\t<\/ul><\/div><\/div><\/div><\/div><\/div><div id=\"pg-146-3\"  class=\"panel-grid panel-has-style\" ><div class=\"siteorigin-panels-stretch panel-row-style panel-row-style-for-146-3\" data-stretch-type=\"full-width-stretch\" ><div id=\"pgc-146-3-0\"  class=\"panel-grid-cell\" ><div id=\"panel-146-3-0-0\" class=\"so-panel widget widget_ndm-image panel-first-child panel-last-child\" data-index=\"5\" ><div\n\t\t\t\n\t\t\tclass=\"so-widget-ndm-image so-widget-ndm-image-default-d75171398898-146\"\n\t\t\t\n\t\t><div class=\"ndm-image mb-3 mb-lg-4 ms-3 me-3 ms-md-4 me-md-4\"><img decoding=\"async\" src=\"https:\/\/expatworld.hu\/wp-content\/uploads\/2023\/10\/services.jpg\"><\/div><\/div><\/div><\/div><\/div><\/div><div id=\"pg-146-4\"  class=\"panel-grid panel-has-style\" ><div id=\"relokacio\" class=\"panel-row-style panel-row-style-for-146-4\" ><div id=\"pgc-146-4-0\"  class=\"panel-grid-cell\" ><div id=\"panel-146-4-0-0\" class=\"so-panel widget widget_ndm-section-title panel-first-child\" data-index=\"6\" ><div\n\t\t\t\n\t\t\tclass=\"so-widget-ndm-section-title so-widget-ndm-section-title-default-d75171398898-146\"\n\t\t\t\n\t\t><h2 class=\"ndm-section-title col-12 mb-3\"><span class=\"ndm-dot--large\"><\/span>Relok\u00e1ci\u00f3s- \u00e9s k\u00f6lt\u00f6ztet\u00e9si szolg\u00e1ltat\u00e1sok<\/h2><div class=\"mb-3 mb-md-6\"><p>Amikor egy kik\u00fcldet\u00e9s megkezd\u0151dik, vagy egy \u00faj relok\u00e1ci\u00f3s lehet\u0151s\u00e9g ad\u00f3dik, sz\u00e1mos fontos regisztr\u00e1ci\u00f3s k\u00f6vetelm\u00e9ny mer\u00fcl fel a helyi hivatalokn\u00e1l. Mi \u00f6r\u00f6mmel tessz\u00fck ezt egyszer\u0171v\u00e9 \u00fcgyfeleink sz\u00e1m\u00e1ra.<\/p>\n<\/div><\/div><\/div><div id=\"panel-146-4-0-1\" class=\"so-panel widget widget_ndm-list panel-last-child\" data-index=\"7\" ><div\n\t\t\t\n\t\t\tclass=\"so-widget-ndm-list so-widget-ndm-list-default-d75171398898-146\"\n\t\t\t\n\t\t><ul class=\"ndm-list--ul ndm-list--cols\">\t\t\t<li>Orient\u00e1ci\u00f3s program<\/li>\r\n\t\t\t\t\t<li>Nemzetk\u00f6zi k\u00f6lt\u00f6ztet\u00e9sek<\/li>\r\n\t\t\t\t\t<li>Lak\u00e1skeres\u00e9s<\/li>\r\n\t\t\t\t\t<li>Be- \u00e9s kik\u00f6lt\u00f6ztet\u00e9si asszisztencia<\/li>\r\n\t\t\t\t\t<li>Berendezked\u00e9si szolg\u00e1ltat\u00e1sok<\/li>\r\n\t\t\t\t\t<li>K\u00f6zm\u0171 \u00e1t\u00edr\u00e1sok<\/li>\r\n\t\t\t\t\t<li>Banksz\u00e1mla nyit\u00e1si- \u00e9s z\u00e1r\u00e1si asszisztencia<\/li>\r\n\t\t\t\t\t<li>Jogos\u00edtv\u00e1nyok honos\u00edt\u00e1sa \u00e9s cser\u00e9je<\/li>\r\n\t\t<\/ul><\/div><\/div><\/div><\/div><\/div><div id=\"pg-146-5\"  class=\"panel-grid panel-has-style\" ><div id=\"vizum\" class=\"panel-row-style panel-row-style-for-146-5\" ><div id=\"pgc-146-5-0\"  class=\"panel-grid-cell\" ><div id=\"panel-146-5-0-0\" class=\"so-panel widget widget_ndm-section-title panel-first-child\" data-index=\"8\" ><div id=\"vizumok-felulhitelesitesek-tamogato-szolgaltatasok-id\" class=\"panel-widget-style panel-widget-style-for-146-5-0-0\" ><div\n\t\t\t\n\t\t\tclass=\"so-widget-ndm-section-title so-widget-ndm-section-title-default-d75171398898-146\"\n\t\t\t\n\t\t><h2 class=\"ndm-section-title col-12 mb-3\"><span class=\"ndm-dot--large\"><\/span>V\u00edzumok, fel\u00fclhiteles\u00edt\u00e9sek \u00e9s t\u00e1mogat\u00f3 szolg\u00e1ltat\u00e1sok<\/h2><div class=\"mb-3 mb-md-6\"><p>A vil\u00e1g b\u00e1rmely pontj\u00e1n is legy\u00e9l, \u00f6r\u00f6mmel seg\u00edt\u00fcnk b\u00e1rmely v\u00edzum \u00e9s fel\u00fclhiteles\u00edt\u00e9si \u00fcgyint\u00e9z\u00e9sben Magyarorsz\u00e1g ter\u00fclet\u00e9n. A folyamat sor\u00e1n teljes k\u00f6r\u0171 \u00fcgyint\u00e9z\u00e9st biztos\u00edtunk, \u00edgy minden esetben gondoskodunk a folyamatokhoz sz\u00fcks\u00e9ges t\u00e1rster\u00fcletek koordin\u00e1ci\u00f3j\u00e1r\u00f3l is, legyen sz\u00f3 dokumentum m\u00e1sodlatok kik\u00e9r\u00e9s\u00e9r\u0151l, a hivatalos ford\u00edt\u00e1sok elk\u00e9sz\u00edttet\u00e9s\u00e9r\u0151l, vagy ak\u00e1r a v\u00edzumokhoz sz\u00fcks\u00e9ges eg\u00e9szs\u00e9g\u00fcgyi vizsg\u00e1latok koordin\u00e1ci\u00f3j\u00e1r\u00f3l. Rugalmasan \u00e9s gyorsan \u00e9p\u00edtj\u00fck fel az adott esetnek legink\u00e1bb megfelel\u0151 folyamatmodellt.<\/p>\n<\/div><\/div><\/div><\/div><div id=\"panel-146-5-0-1\" class=\"so-panel widget widget_ndm-list panel-last-child\" data-index=\"9\" ><div\n\t\t\t\n\t\t\tclass=\"so-widget-ndm-list so-widget-ndm-list-default-d75171398898-146\"\n\t\t\t\n\t\t><ul class=\"ndm-list--ul ndm-list--cols\">\t\t\t<li>V\u00edzumok<\/li>\r\n\t\t\t\t\t<li>Megh\u00edv\u00f3levelek<\/li>\r\n\t\t\t\t\t<li>Hivatalos ford\u00edt\u00e1sok<\/li>\r\n\t\t\t\t\t<li>Dokumentum m\u00e1sodlatok<\/li>\r\n\t\t\t\t\t<li>Apostille<\/li>\r\n\t\t\t\t\t<li>Fel\u00fclhiteles\u00edt\u00e9sek<\/li>\r\n\t\t\t\t\t<li>K\u00f6zjegyz\u0151i dokumentumok <\/li>\r\n\t\t<\/ul><\/div><\/div><\/div><\/div><\/div><div id=\"pg-146-6\"  class=\"panel-grid panel-has-style\" ><div class=\"siteorigin-panels-stretch panel-row-style panel-row-style-for-146-6\" data-stretch-type=\"full-width-stretch\" ><div id=\"pgc-146-6-0\"  class=\"panel-grid-cell\" ><div id=\"panel-146-6-0-0\" class=\"so-panel widget widget_ndm-btn panel-first-child panel-last-child\" data-index=\"10\" ><div class=\"panel-widget-style panel-widget-style-for-146-6-0-0\" ><div\n\t\t\t\n\t\t\tclass=\"so-widget-ndm-btn so-widget-ndm-btn-default-d75171398898-146\"\n\t\t\t\n\t\t><div class=\"ndm-btn text-center\"><a href=\"https:\/\/expatworld.hu\/hu\/kapcsolat\/\" class=\"btn btn-primary mb-0\">Kapcsolat<\/a><\/div><\/div><\/div><\/div><\/div><\/div><\/div><\/div>","protected":false},"excerpt":{"rendered":"<p>Hisz\u00fcnk abban, hogy csak \u00fagy \u00e9rhetj\u00fck el a legjobb eredm\u00e9nyeket, ha \u00fcgyfeleinknek egy\u00e9nre szabott szolg\u00e1ltat\u00e1si portf\u00f3li\u00f3kat&#8230;<\/p>\n","protected":false},"author":2,"featured_media":0,"parent":0,"menu_order":3,"comment_status":"closed","ping_status":"closed","template":"wo-bottom-padding.php","meta":{"_acf_changed":false,"inline_featured_image":false,"footnotes":""},"class_list":["post-146","page","type-page","status-publish","hentry"],"acf":[],"_links":{"self":[{"href":"https:\/\/expatworld.hu\/hu\/wp-json\/wp\/v2\/pages\/146","targetHints":{"allow":["GET"]}}],"collection":[{"href":"https:\/\/expatworld.hu\/hu\/wp-json\/wp\/v2\/pages"}],"about":[{"href":"https:\/\/expatworld.hu\/hu\/wp-json\/wp\/v2\/types\/page"}],"author":[{"embeddable":true,"href":"https:\/\/expatworld.hu\/hu\/wp-json\/wp\/v2\/users\/2"}],"replies":[{"embeddable":true,"href":"https:\/\/expatworld.hu\/hu\/wp-json\/wp\/v2\/comments?post=146"}],"version-history":[{"count":0,"href":"https:\/\/expatworld.hu\/hu\/wp-json\/wp\/v2\/pages\/146\/revisions"}],"wp:attachment":[{"href":"https:\/\/expatworld.hu\/hu\/wp-json\/wp\/v2\/media?parent=146"}],"curies":[{"name":"wp","href":"https:\/\/api.w.org\/{rel}","templated":true}]}}