{"id":148,"date":"2023-09-20T17:50:00","date_gmt":"2023-09-20T15:50:00","guid":{"rendered":"https:\/\/expatworlds.hu\/imprint\/"},"modified":"2025-06-19T11:11:56","modified_gmt":"2025-06-19T09:11:56","slug":"impresszum","status":"publish","type":"page","link":"https:\/\/expatworld.hu\/hu\/impresszum\/","title":{"rendered":"Impresszum"},"content":{"rendered":"<div id=\"pl-148\"  class=\"panel-layout\" ><div id=\"pg-148-0\"  class=\"panel-grid panel-no-style\" ><div id=\"pgc-148-0-0\"  class=\"panel-grid-cell\" ><div id=\"panel-148-0-0-0\" class=\"so-panel widget widget_ndm-imprint panel-first-child\" data-index=\"0\" ><div\n\t\t\t\n\t\t\tclass=\"so-widget-ndm-imprint so-widget-ndm-imprint-default-d75171398898-148\"\n\t\t\t\n\t\t><div class=\"ndm-imprint__provider mb-3 mb-lg-5\"><h4 class=\"ndm-heading col-12 Expat World Kft. mb-2\">Szolg\u00e1ltat\u00f3<\/h4><p class=\"mb-0\"><strong>Expat World Kft.<\/strong><\/p><p class=\"mb-0\"><strong>\u00dcgyvezet\u0151k:<\/strong>F\u00f6ldesi-Sz\u0171cs Edina \u00e9s Lendvai Orsolya<\/p><p class=\"mb-0\"><strong>Sz\u00e9khely: <\/strong>1122 Budapest, Hat\u00e1r\u0151r \u00fat 23\/b.<\/p><p class=\"mb-0\"><strong>Ad\u00f3sz\u00e1m: <\/strong>24150532-2-43<\/p><p class=\"mb-0\"><strong>C\u00e9gjegyz\u00e9ksz\u00e1m: <\/strong>01-09-992837<\/p><p class=\"mb-0\"><strong>E-mail: <\/strong><a href=\"mailto:office@expatworld.hu\">office@expatworld.hu<\/a><\/p><p class=\"mb-0\">Bejegyz\u0151 b\u00edr\u00f3s\u00e1g:  F\u0151v\u00e1rosi T\u00f6rv\u00e9nysz\u00e9k C\u00e9gb\u00edr\u00f3s\u00e1ga<\/p><\/div><div class=\"ndm-imprint__contact mb-3 mb-lg-5\"><h4 class=\"ndm-heading col-12 Expat World Kft. mb-2\">Kapcsolat<\/h4><p class=\"mb-0\">Expat World Kft.<\/p><p class=\"mb-0\"><strong>Telefonsz\u00e1m: <\/strong>+36 20 398 4656<\/p><p class=\"mb-0\"><strong>Email: <\/strong><a href=\"mailto:office@expatworld.hu\" class=\"mb-0\">office@expatworld.hu<\/a><\/p><\/div><div class=\"ndm-imprint__storage mb-3 mb-lg-5\"><h4 class=\"ndm-heading col-12 mb-2\">T\u00e1rhely szolg\u00e1ltat\u00f3<\/h4><p class=\"mb-0\"><strong>C\u00e9gn\u00e9v: <\/strong>RackForest Kft.<\/p><p class=\"mb-0\"><strong>Telefonsz\u00e1m: <\/strong>+36 1 211 0044<\/p><p class=\"mb-0\"><strong>Email: <\/strong><a href=\"mailto:info@rackforest.hu\">info@rackforest.hu<\/a><\/p><\/div><div class=\"ndm-imprint__copyright\"><\/div><\/div><\/div><div id=\"panel-148-0-0-1\" class=\"so-panel widget widget_ndm-small-title\" data-index=\"1\" ><div\n\t\t\t\n\t\t\tclass=\"so-widget-ndm-small-title so-widget-ndm-small-title-default-d75171398898-148\"\n\t\t\t\n\t\t><h4 class=\"ndm-small-title text-black text-start mt-1 mb-3\">Adatv\u00e9delmi tiszts\u00e9gvisel\u0151<\/h4><\/div><\/div><div id=\"panel-148-0-0-2\" class=\"so-panel widget widget_sow-editor\" data-index=\"2\" ><div\n\t\t\t\n\t\t\tclass=\"so-widget-sow-editor so-widget-sow-editor-base\"\n\t\t\t\n\t\t>\n<div class=\"siteorigin-widget-tinymce textwidget\">\n\t<p>N\u00e9v: Olajos J\u00f3zsef<br \/>\nEl\u00e9rhet\u0151s\u00e9ge: <a href=\"mailto:info@drolajosjozsef.hu\">info@drolajosjozsef.hu<\/a><br \/>\nTelefonsz\u00e1m: +36 30 817 1741<\/p>\n<\/div>\n<\/div><\/div><div id=\"panel-148-0-0-3\" class=\"so-panel widget widget_ndm-small-title\" data-index=\"3\" ><div\n\t\t\t\n\t\t\tclass=\"so-widget-ndm-small-title so-widget-ndm-small-title-default-d75171398898-148\"\n\t\t\t\n\t\t><h4 class=\"ndm-small-title text-black text-start mt-1 mb-3\">Szerz\u0151di jogok, Copyright<\/h4><\/div><\/div><div id=\"panel-148-0-0-4\" class=\"so-panel widget widget_sow-editor panel-last-child\" data-index=\"4\" ><div\n\t\t\t\n\t\t\tclass=\"so-widget-sow-editor so-widget-sow-editor-base\"\n\t\t\t\n\t\t>\n<div class=\"siteorigin-widget-tinymce textwidget\">\n\t<p>Jelen honlap kiad\u00f3ja a <strong>Expat World Tan\u00e1csad\u00f3 \u00e9s Szolg\u00e1ltat\u00f3 Kft.<\/strong><\/p>\n<p>Az <strong>Expat World Tan\u00e1csad\u00f3 \u00e9s Szolg\u00e1ltat\u00f3 Kft.<\/strong> fenntart minden, a honlap b\u00e1rmely r\u00e9sz\u00e9nek (sz\u00f6veges tartalom, fot\u00f3k, stb.) b\u00e1rmilyen m\u00f3dszerrel, technik\u00e1val t\u00f6rt\u00e9n\u0151 m\u00e1sol\u00e1s\u00e1val \u00e9s terjeszt\u00e9s\u00e9vel kapcsolatos jogot. A laphoz tartoz\u00f3 oldalak tartalm\u00e1t \u00e9s kialak\u00edt\u00e1s\u00e1t nemzetk\u00f6zi \u00e9s magyar t\u00f6rv\u00e9nyek v\u00e9dik. Tilos azokat ak\u00e1r eredeti, ak\u00e1r \u00e1t\u00edrt form\u00e1ban b\u00e1rmilyen m\u00e9diumban k\u00f6z\u00f6lni, sug\u00e1rozni vagy tov\u00e1bbadni, r\u00e9szben vagy eg\u00e9szben sz\u00e1m\u00edt\u00f3g\u00e9pen t\u00e1rolni. A Kiad\u00f3 el\u0151zetes \u00edr\u00e1sos hozz\u00e1j\u00e1rul\u00e1sa n\u00e9lk\u00fcl tilos a honlap eg\u00e9sz\u00e9nek vagy r\u00e9szeinek feldolgoz\u00e1sa \u00e9s \u00e9rt\u00e9kes\u00edt\u00e9se.<\/p>\n<p>Ez a nyilatkozat a szerz\u0151i jogr\u00f3l sz\u00f3l\u00f3 1999. \u00e9vi LXXVI. t\u00f6rv\u00e9ny 36. \u00a7 (2) bekezd\u00e9s\u00e9ben foglaltak szerinti tilt\u00f3 nyilatkozatnak min\u0151s\u00fcl.<\/p>\n<\/div>\n<\/div><\/div><\/div><\/div><\/div>","protected":false},"excerpt":{"rendered":"<p>N\u00e9v: Olajos J\u00f3zsef El\u00e9rhet\u0151s\u00e9ge: info@drolajosjozsef.hu Telefonsz\u00e1m: +36 30 817 1741 Jelen honlap kiad\u00f3ja a Expat World&#8230;<\/p>\n","protected":false},"author":2,"featured_media":0,"parent":0,"menu_order":98,"comment_status":"closed","ping_status":"closed","template":"fullwidth.php","meta":{"_acf_changed":false,"inline_featured_image":false,"footnotes":""},"class_list":["post-148","page","type-page","status-publish","hentry"],"acf":[],"_links":{"self":[{"href":"https:\/\/expatworld.hu\/hu\/wp-json\/wp\/v2\/pages\/148","targetHints":{"allow":["GET"]}}],"collection":[{"href":"https:\/\/expatworld.hu\/hu\/wp-json\/wp\/v2\/pages"}],"about":[{"href":"https:\/\/expatworld.hu\/hu\/wp-json\/wp\/v2\/types\/page"}],"author":[{"embeddable":true,"href":"https:\/\/expatworld.hu\/hu\/wp-json\/wp\/v2\/users\/2"}],"replies":[{"embeddable":true,"href":"https:\/\/expatworld.hu\/hu\/wp-json\/wp\/v2\/comments?post=148"}],"version-history":[{"count":0,"href":"https:\/\/expatworld.hu\/hu\/wp-json\/wp\/v2\/pages\/148\/revisions"}],"wp:attachment":[{"href":"https:\/\/expatworld.hu\/hu\/wp-json\/wp\/v2\/media?parent=148"}],"curies":[{"name":"wp","href":"https:\/\/api.w.org\/{rel}","templated":true}]}}